{"id":14823,"date":"2018-06-13T13:56:07","date_gmt":"2018-06-13T13:56:07","guid":{"rendered":"http:\/\/www.compression.ch\/?page_id=14823"},"modified":"2018-06-14T11:36:33","modified_gmt":"2018-06-14T11:36:33","slug":"nachhaltigkeit","status":"publish","type":"page","link":"https:\/\/www.compression.ch\/?page_id=14823","title":{"rendered":"ECONYL &#8211; Nachhaltigkeit"},"content":{"rendered":"[spb_text_block pb_margin_bottom=&#8220;no&#8220; pb_border_bottom=&#8220;no&#8220; width=&#8220;1\/2&#8243; el_position=&#8220;first&#8220;]\n<h2 style=\"text-align: center;\">Nachhaltigkeit &#8211; F\u00fcr einen Planeten ohne Abfall<\/h2>\n<p style=\"text-align: center;\"><div class=\"horizontal-break\"> <\/div>\n<p>Wir sind stolz drauf, dass unsere Kompressionstextilien aus <a href=\"http:\/\/www.econyl.com\/de\/\"><strong>ECONYL\u00ae-Garn <\/strong><\/a>hergestellt werden. Zudem sind alle Produkte mit der LYCRA\u00ae SPORT Technologie verst\u00e4rkt, die sowohl f\u00fcr Leistungssportler als auch f\u00fcr Gelegenheitssportler entwickelt wurde. Mit diesem fortschrittlichen Materialmix engagieren wir uns f\u00fcr eine sauberere Umwelt.<\/p>\n<p>Ein intelligenter und nachhaltiger, unendlicher Kreislauf zur Verwandlung von Abfall in neue Produkte.<\/p>\n<p style=\"text-align: left;\">Das <strong>ECONYL\u00ae Regenerations-System <\/strong>ist ein einzigartiges chemisches und mechanisches Verfahren, das ohne Qualit\u00e4tsverlust endlos wiederholt werden kann.<\/p>\n<p>Nylon-6-Abf\u00e4lle werden weltweit eingesammelt und ins ECONYL\u00ae Sammel- und Aufbereitungszentrum in Ajdov\u0161\u010dina (Slowenien) gebracht. Die Verbraucherabf\u00e4lle stammen von Fischernetzen (ausgediente und herrenlose Fischernetze), Faserstoffen (von Bodenbel\u00e4gen entfernten Teppichflor), Produktionsabf\u00e4llen, Garnaussch\u00fcssen sowie industriellen Kunststoffabf\u00e4llen.<\/p>\n[\/spb_text_block] [spb_single_image image=&#8220;14827&#8243; image_size=&#8220;full&#8220; frame=&#8220;noframe&#8220; lightbox=&#8220;yes&#8220; link_target=&#8220;_self&#8220; fullwidth=&#8220;no&#8220; width=&#8220;1\/2&#8243; el_position=&#8220;last&#8220;][\/spb_single_image] [spb_single_image image=&#8220;14832&#8243; image_size=&#8220;full&#8220; frame=&#8220;noframe&#8220; lightbox=&#8220;yes&#8220; link_target=&#8220;_self&#8220; fullwidth=&#8220;no&#8220; width=&#8220;1\/4&#8243; el_position=&#8220;first&#8220;][\/spb_single_image] [spb_single_image image=&#8220;14837&#8243; image_size=&#8220;full&#8220; frame=&#8220;noframe&#8220; lightbox=&#8220;yes&#8220; link_target=&#8220;_self&#8220; fullwidth=&#8220;no&#8220; width=&#8220;1\/4&#8243;][\/spb_single_image] [spb_single_image image=&#8220;14838&#8243; image_size=&#8220;full&#8220; frame=&#8220;noframe&#8220; lightbox=&#8220;yes&#8220; link_target=&#8220;_self&#8220; fullwidth=&#8220;no&#8220; width=&#8220;1\/4&#8243;][\/spb_single_image] [spb_single_image image=&#8220;14840&#8243; image_size=&#8220;full&#8220; frame=&#8220;noframe&#8220; lightbox=&#8220;yes&#8220; link_target=&#8220;_self&#8220; fullwidth=&#8220;no&#8220; width=&#8220;1\/4&#8243; el_position=&#8220;last&#8220;][\/spb_single_image] [divider type=&#8220;standard&#8220; text=&#8220;Go to top&#8220; full_width=&#8220;no&#8220; width=&#8220;1\/1&#8243; el_position=&#8220;first last&#8220;] [spb_video link=&#8220;https:\/\/youtu.be\/hys2YjSkRCg&#8220; full_width=&#8220;no&#8220; width=&#8220;1\/1&#8243; el_position=&#8220;first last&#8220;] [blank_spacer height=&#8220;30px&#8220; width=&#8220;1\/1&#8243; el_position=&#8220;first last&#8220;] [divider type=&#8220;standard&#8220; text=&#8220;Go to top&#8220; full_width=&#8220;no&#8220; width=&#8220;1\/1&#8243; el_position=&#8220;first last&#8220;] [blank_spacer height=&#8220;30px&#8220; width=&#8220;1\/1&#8243; el_position=&#8220;first last&#8220;] [spb_text_block pb_margin_bottom=&#8220;no&#8220; pb_border_bottom=&#8220;no&#8220; width=&#8220;1\/3&#8243; el_position=&#8220;first&#8220;]\n<h2>Entdecken Sie die einzelnen Produktionsschritte<\/h2>\n<p>&nbsp;<\/p>\n<p>1. Wertstoffaufbereitung<\/p>\n<p>In der N\u00e4he der slowenischen Hauptstadt Ljubljana liegt das St\u00e4dtchen Ajdov\u0161\u010dina. Hier die verschiedenen Wertstoffarten gereinigt und f\u00fcr die Regeneration vorbereitet. Ausser Nylon 6 werden alle Fremdstoffe im Reinigungsprozesses entfernt und anderen Lieferketten zugef\u00fchrt. Die gereinigten Nylonabf\u00e4lle werden zerkleinert, komprimiert, eingepackt und nach Ljubljana in die ECONYL\u00ae Regenerationsanlage transportiert.<\/p>\n[\/spb_text_block] [spb_single_image image=&#8220;14848&#8243; image_size=&#8220;full&#8220; frame=&#8220;noframe&#8220; lightbox=&#8220;yes&#8220; link_target=&#8220;_self&#8220; fullwidth=&#8220;no&#8220; width=&#8220;1\/3&#8243;][\/spb_single_image] [spb_single_image image=&#8220;14854&#8243; image_size=&#8220;full&#8220; frame=&#8220;noframe&#8220; lightbox=&#8220;yes&#8220; link_target=&#8220;_self&#8220; fullwidth=&#8220;no&#8220; width=&#8220;1\/4&#8243; el_position=&#8220;last&#8220;][\/spb_single_image] [spb_text_block pb_margin_bottom=&#8220;no&#8220; pb_border_bottom=&#8220;no&#8220; width=&#8220;1\/3&#8243; el_position=&#8220;first&#8220;]\n<p>2. Depolymerisation<\/p>\n<p>Im Gegensatz zum mechanischen Recycling erlaubt es dieses System, mit Hilfe eines nachhaltigen chemischen Verfahren alle Fremdstoffe auszusortieren und das enthaltene Nylon in den Prim\u00e4rrohstoff zur\u00fcckzuverwandeln und garantiert somit 100% Prim\u00e4rwarenqualit\u00e4t.<\/p>\n<p>Aquafil investierte vier Jahre und 25 Millionen Euro in Forschung, Entwicklung und Bau des chemischen Verfahrens und der Depolymerisationsanlage in Slowenien.<\/p>\n[\/spb_text_block] [spb_single_image image=&#8220;14850&#8243; image_size=&#8220;full&#8220; frame=&#8220;noframe&#8220; lightbox=&#8220;yes&#8220; link_target=&#8220;_self&#8220; fullwidth=&#8220;no&#8220; width=&#8220;1\/3&#8243;][\/spb_single_image] [spb_single_image image=&#8220;14855&#8243; image_size=&#8220;full&#8220; frame=&#8220;noframe&#8220; lightbox=&#8220;yes&#8220; link_target=&#8220;_self&#8220; fullwidth=&#8220;no&#8220; width=&#8220;1\/4&#8243; el_position=&#8220;last&#8220;][\/spb_single_image] [spb_text_block pb_margin_bottom=&#8220;no&#8220; pb_border_bottom=&#8220;no&#8220; width=&#8220;1\/3&#8243; el_position=&#8220;first&#8220;]\n<p>3. Polymerisation<\/p>\n<p>ECONYL\u00ae Caprolactam, der von Econyl hergestellte Prim\u00e4rrohstoff, verf\u00fcgt \u00fcber die gleichen chemischen Eigenschaften und Leistungsmerkmale wie Caprolactam fossilen Ursprungs. Daher ist der Prozess und die chemische Methode zur Umwandlung von ECONYL\u00ae Caprolactam in Polyamid 6 \u2013 die sogenannte Polymerisation \u2013 identisch mit der Polymerisation von prim\u00e4rem Caprolactam.<\/p>\n[\/spb_text_block] [spb_single_image image=&#8220;14858&#8243; image_size=&#8220;full&#8220; frame=&#8220;noframe&#8220; lightbox=&#8220;yes&#8220; link_target=&#8220;_self&#8220; fullwidth=&#8220;no&#8220; width=&#8220;1\/3&#8243;][\/spb_single_image] [spb_single_image image=&#8220;14859&#8243; image_size=&#8220;full&#8220; frame=&#8220;noframe&#8220; lightbox=&#8220;yes&#8220; link_target=&#8220;_self&#8220; fullwidth=&#8220;no&#8220; width=&#8220;1\/4&#8243; el_position=&#8220;last&#8220;][\/spb_single_image] [spb_text_block pb_margin_bottom=&#8220;no&#8220; pb_border_bottom=&#8220;no&#8220; width=&#8220;1\/3&#8243; el_position=&#8220;first&#8220;]\n<p>4. Neuverarbeitung<\/p>\n<p>Die PA6-Polymere, hergestellt aus dem ECONYL\u00ae Caprolactam, werden die Produktionsst\u00e4tten gebracht und dort zu BCF-Garn (Teppichgarn) und NTF-Garn (Textilgarn) weiterverarbeitet.<\/p>\n<p>Das ECONYL\u00ae-Garn kann in einem endlosen Regenerationsprozess ohne Qualit\u00e4tsverlust immer wieder verwertet werden.<\/p>\n[\/spb_text_block] [spb_single_image image=&#8220;14861&#8243; image_size=&#8220;full&#8220; frame=&#8220;noframe&#8220; lightbox=&#8220;yes&#8220; link_target=&#8220;_self&#8220; fullwidth=&#8220;no&#8220; width=&#8220;1\/3&#8243;][\/spb_single_image] [spb_single_image image=&#8220;14862&#8243; image_size=&#8220;full&#8220; frame=&#8220;noframe&#8220; lightbox=&#8220;yes&#8220; link_target=&#8220;_self&#8220; fullwidth=&#8220;no&#8220; width=&#8220;1\/4&#8243; el_position=&#8220;last&#8220;][\/spb_single_image] [spb_text_block pb_margin_bottom=&#8220;no&#8220; pb_border_bottom=&#8220;no&#8220; width=&#8220;1\/3&#8243; el_position=&#8220;first&#8220;]\n<p>5. Wiedervermarktung<\/p>\n<p>Es werden zwei verschiedene ECONYL\u00ae-Garne hergestellt: Teppichgarne werden f\u00fcr die Herstellung von synthetischen Teppichbodenbel\u00e4gen verwendet, w\u00e4hrend die Garne f\u00fcr Textilien in Sport- und Badebekleidung sowie Socken verarbeitet werden.<\/p>\n<p>Das Ziel ist es, Produkte herzustellen, die nicht nur vollst\u00e4ndig aus recyceltem Material bestehen, sondern auch g\u00e4nzlich erneuerbar sind. Der Prozess beginnt bereits damit, Produkte so zu konzipieren, dass sie f\u00fcr eine Wiederaufarbeitung geeignet sind. Und endet mit der Sammlung und Regenerierung von Wertstoffen aus Verbraucherabf\u00e4llen. Ein Prozess, der im wahrsten Sinne des Wortes den Produktionskreislauf schlie\u00dft.<\/p>\n<p>&nbsp;<\/p>\n<p>Quelle des Inhalts und der verwendeten Bilder: <a href=\"http:\/\/Quelle des Inhalts und der verwendeten Bilder: http:\/\/www.econyl.com\/de\/das-econyl-regenerationssystem\/\">www.econyl.com<\/a><\/p>\n[\/spb_text_block] [spb_single_image image=&#8220;14863&#8243; image_size=&#8220;full&#8220; frame=&#8220;noframe&#8220; lightbox=&#8220;yes&#8220; link_target=&#8220;_self&#8220; fullwidth=&#8220;no&#8220; width=&#8220;1\/3&#8243;][\/spb_single_image] [spb_single_image image=&#8220;14864&#8243; image_size=&#8220;full&#8220; frame=&#8220;noframe&#8220; lightbox=&#8220;yes&#8220; link_target=&#8220;_self&#8220; fullwidth=&#8220;no&#8220; width=&#8220;1\/4&#8243; el_position=&#8220;last&#8220;][\/spb_single_image] [blank_spacer height=&#8220;30px&#8220; width=&#8220;1\/1&#8243; el_position=&#8220;first last&#8220;]\n","protected":false},"excerpt":{"rendered":"<p>[spb_text_block pb_margin_bottom=&#8220;no&#8220; pb_border_bottom=&#8220;no&#8220; width=&#8220;1\/2&#8243; el_position=&#8220;first&#8220;] Nachhaltigkeit &#8211; F\u00fcr einen Planeten ohne Abfall Wir sind stolz drauf, dass unsere Kompressionstextilien aus ECONYL\u00ae-Garn hergestellt werden. Zudem sind alle Produkte mit der LYCRA\u00ae SPORT Technologie verst\u00e4rkt, die sowohl f\u00fcr Leistungssportler als auch f\u00fcr Gelegenheitssportler entwickelt wurde. Mit diesem fortschrittlichen Materialmix engagieren wir uns f\u00fcr eine sauberere Umwelt. Ein intelligenter und nachhaltiger, unendlicher Kreislauf [&hellip;]<\/p>\n","protected":false},"author":1,"featured_media":0,"parent":0,"menu_order":0,"comment_status":"closed","ping_status":"closed","template":"","meta":{"footnotes":""},"class_list":["post-14823","page","type-page","status-publish","hentry"],"_links":{"self":[{"href":"https:\/\/www.compression.ch\/index.php?rest_route=\/wp\/v2\/pages\/14823"}],"collection":[{"href":"https:\/\/www.compression.ch\/index.php?rest_route=\/wp\/v2\/pages"}],"about":[{"href":"https:\/\/www.compression.ch\/index.php?rest_route=\/wp\/v2\/types\/page"}],"author":[{"embeddable":true,"href":"https:\/\/www.compression.ch\/index.php?rest_route=\/wp\/v2\/users\/1"}],"replies":[{"embeddable":true,"href":"https:\/\/www.compression.ch\/index.php?rest_route=%2Fwp%2Fv2%2Fcomments&post=14823"}],"version-history":[{"count":37,"href":"https:\/\/www.compression.ch\/index.php?rest_route=\/wp\/v2\/pages\/14823\/revisions"}],"predecessor-version":[{"id":14888,"href":"https:\/\/www.compression.ch\/index.php?rest_route=\/wp\/v2\/pages\/14823\/revisions\/14888"}],"wp:attachment":[{"href":"https:\/\/www.compression.ch\/index.php?rest_route=%2Fwp%2Fv2%2Fmedia&parent=14823"}],"curies":[{"name":"wp","href":"https:\/\/api.w.org\/{rel}","templated":true}]}}