{"id":6575,"date":"2013-03-03T01:56:12","date_gmt":"2013-03-03T01:56:12","guid":{"rendered":"http:\/\/themes.swiftpsd.com\/test\/flexform\/?page_id=6575"},"modified":"2017-08-02T14:39:24","modified_gmt":"2017-08-02T14:39:24","slug":"about-2","status":"publish","type":"page","link":"https:\/\/www.compression.ch\/?page_id=6575","title":{"rendered":"\u00dcber ZeroPoint"},"content":{"rendered":"[spb_text_block pb_margin_bottom=&#8220;no&#8220; pb_border_bottom=&#8220;no&#8220; width=&#8220;1\/1&#8243; el_position=&#8220;first last&#8220;]\n<h2 style=\"text-align: center;\">Unsere Mission<\/h2>\n<p style=\"text-align: center;\"><div class=\"horizontal-break\"> <\/div>\n<p><span style=\"color: #222222;\">\u00a0<\/span><\/p>\n<p>Die t\u00e4glichen Herausforderungen meistern und dabei \u00fcber sich hinauszuwachsen \u2013 daf\u00fcr steht <strong>ZeroPoint Compression<\/strong>!<\/p>\n<p>ZeroPoint Compression kreiert <strong>Kompressionsprodukte basierend auf sportmedizinischer Forschung zur Optimierung von Performance und Regeneration<\/strong>. Bei der Produktentwicklung fliessen Erkenntnisse von Universit\u00e4ten, Wissenschaftlern sowie High-Tech-Unternehmen im sportmedizinischen Bereich ein. Auch wird eng mit Spitzenathleten aus unterschiedlichen Sportarten zusammengearbeitet.<\/p>\n<p>Die Marke wurde 2009 in Finnland gegr\u00fcndet mit dem Ziel, sportmedizinische Kompressionprodukte mit h\u00f6chstem Qualit\u00e4tsstandard anzubieten. Komfort, Innovation, Funktionalit\u00e4t, Design und Performance standen und stehen noch heute im Mittelpunkt.<\/p>\n<p><strong>Feel it real<\/strong> \u2013 ZeroPoint Compression verhilft dazu, das wahre Potential auszusch\u00f6pfen. Die echte sportmedizinische Kompression verhilft dem K\u00f6rper zu einer besseren Balance, einem effizienteren Stoffwechsel und schnelleren Erholung.<\/p>\n<p>&nbsp;<\/p>\n[\/spb_text_block] [spb_video link=&#8220;https:\/\/youtu.be\/OAViKVPC6QQ&#8220; full_width=&#8220;no&#8220; width=&#8220;1\/1&#8243; el_position=&#8220;first last&#8220;] [blank_spacer height=&#8220;20px&#8220; width=&#8220;1\/1&#8243; el_position=&#8220;first last&#8220;] [blank_spacer height=&#8220;30px&#8220; width=&#8220;1\/1&#8243; el_position=&#8220;first last&#8220;] [spb_text_block pb_margin_bottom=&#8220;no&#8220; pb_border_bottom=&#8220;no&#8220; width=&#8220;1\/2&#8243; el_position=&#8220;first&#8220;]\n<h2 style=\"text-align: center;\">\u00a0Warum ZeroPoint Compression?<\/h2>\n<p style=\"text-align: center;\"><div class=\"horizontal-break\"> <\/div>\n<p>Die urspr\u00fcnglich in Finnland entwickelte Kompressionsmarke ZeroPoint Compression entwickelt Produkte, die Menschen helfen ihre physischen und mentalen Grenzen auszuweiten!<\/p>\n<p><strong>Vorteile von ZeroPoint Compression:<\/strong><\/p>\n<ul>\n<li>Produktentwicklung mit <a href=\"http:\/\/www.compression.ch\/?page_id=7636\"><em>Medical Grade Graduated Compression<\/em><\/a><\/li>\n<li>Vielseitige <em>Einsatzm\u00f6glichkeiten<\/em> der Produkte (Performance, Pr\u00e4vention, Regeneration)<\/li>\n<li>Anatomisch und geschlechterspezifische Produktentwicklung<\/li>\n<li><em>Zusammenarbeit <\/em>mit Universit\u00e4ten, Forschungsunternehmen und Spitzenathleten<\/li>\n<li>Verwendung von <em>hochwertigen Materialien<\/em> und Fasern<\/li>\n<li>Textilproduktion mit einem hohen Anteil an <em>recycelten Materialien<\/em> (85% Econyl \u00ae)<\/li>\n<\/ul>\n<p>&nbsp;<\/p>\n[\/spb_text_block] [spb_single_image image=&#8220;12066&#8243; image_size=&#8220;full&#8220; frame=&#8220;noframe&#8220; lightbox=&#8220;yes&#8220; link_target=&#8220;_self&#8220; fullwidth=&#8220;no&#8220; width=&#8220;1\/2&#8243; el_position=&#8220;last&#8220;][\/spb_single_image]\n","protected":false},"excerpt":{"rendered":"<p>[spb_text_block pb_margin_bottom=&#8220;no&#8220; pb_border_bottom=&#8220;no&#8220; width=&#8220;1\/1&#8243; el_position=&#8220;first last&#8220;] Unsere Mission \u00a0 Die t\u00e4glichen Herausforderungen meistern und dabei \u00fcber sich hinauszuwachsen \u2013 daf\u00fcr steht ZeroPoint Compression! ZeroPoint Compression kreiert Kompressionsprodukte basierend auf sportmedizinischer Forschung zur Optimierung von Performance und Regeneration. Bei der Produktentwicklung fliessen Erkenntnisse von Universit\u00e4ten, Wissenschaftlern sowie High-Tech-Unternehmen im sportmedizinischen Bereich ein. Auch wird eng mit Spitzenathleten aus unterschiedlichen Sportarten zusammengearbeitet. [&hellip;]<\/p>\n","protected":false},"author":1,"featured_media":0,"parent":0,"menu_order":0,"comment_status":"open","ping_status":"closed","template":"","meta":{"footnotes":""},"class_list":["post-6575","page","type-page","status-publish","hentry"],"_links":{"self":[{"href":"https:\/\/www.compression.ch\/index.php?rest_route=\/wp\/v2\/pages\/6575"}],"collection":[{"href":"https:\/\/www.compression.ch\/index.php?rest_route=\/wp\/v2\/pages"}],"about":[{"href":"https:\/\/www.compression.ch\/index.php?rest_route=\/wp\/v2\/types\/page"}],"author":[{"embeddable":true,"href":"https:\/\/www.compression.ch\/index.php?rest_route=\/wp\/v2\/users\/1"}],"replies":[{"embeddable":true,"href":"https:\/\/www.compression.ch\/index.php?rest_route=%2Fwp%2Fv2%2Fcomments&post=6575"}],"version-history":[{"count":37,"href":"https:\/\/www.compression.ch\/index.php?rest_route=\/wp\/v2\/pages\/6575\/revisions"}],"predecessor-version":[{"id":13709,"href":"https:\/\/www.compression.ch\/index.php?rest_route=\/wp\/v2\/pages\/6575\/revisions\/13709"}],"wp:attachment":[{"href":"https:\/\/www.compression.ch\/index.php?rest_route=%2Fwp%2Fv2%2Fmedia&parent=6575"}],"curies":[{"name":"wp","href":"https:\/\/api.w.org\/{rel}","templated":true}]}}