{"id":16052,"date":"2020-03-31T13:41:11","date_gmt":"2020-03-31T13:41:11","guid":{"rendered":"http:\/\/www.compression.ch\/?post_type=product&#038;p=16052"},"modified":"2024-11-14T13:20:33","modified_gmt":"2024-11-14T13:20:33","slug":"econyl-medium-compression-socks","status":"publish","type":"product","link":"https:\/\/www.compression.ch\/?product=econyl-medium-compression-socks","title":{"rendered":"Econyl Medium Compression Socks"},"content":{"rendered":"[spb_parallax parallax_type=&#8220;image&#8220; bg_image=&#8220;12041&#8243; bg_type=&#8220;cover&#8220; parallax_video_height=&#8220;content-height&#8220; parallax_video_overlay=&#8220;none&#8220; parallax_image_height=&#8220;content-height&#8220; parallax_image_movement=&#8220;fixed&#8220; parallax_image_speed=&#8220;0.5&#8243; padding_horizontal=&#8220;15&#8243; width=&#8220;1\/1&#8243; el_position=&#8220;first last&#8220;]\n<h1><span style=\"color: #ffffff;\">&#8222;<\/span><span style=\"color: #ffffff;\">Ideal f\u00fcr Reisen oder l\u00e4ngere Standzeiten, verhindert Schwellungen an Beinen und F\u00fcssen&#8220;<\/span><\/h1>\n[\/spb_parallax] [blank_spacer height=&#8220;30px&#8220; width=&#8220;1\/1&#8243; el_position=&#8220;first last&#8220;] [blank_spacer height=&#8220;30px&#8220; width=&#8220;1\/1&#8243; el_position=&#8220;first last&#8220;] [spb_text_block title=&#8220;Gr\u00f6ssenwahl&#8220; pb_margin_bottom=&#8220;no&#8220; pb_border_bottom=&#8220;no&#8220; width=&#8220;1\/2&#8243; el_position=&#8220;first&#8220;]\n<p>ZeroPoint Compression verwendet f\u00fcr alle Econyl Socks ausschliesslich die f\u00fcr medizinische Zwecke entwickelte Graduated Compression, was soviel bedeutet wie \u201eabgestufte Kompression\u201c. Der st\u00e4rkste Grad an Graduated Compression erzeugt einen Druck vom Kn\u00f6chel aufw\u00e4rts.<\/p>\n<p>Alle ZeroPoint Compression Socken besitzen eine anatomisch entwickelte geschlechterspezifische Passform. Diese garantiert h\u00f6chsten Tragekomfort und optimales Kompressionserlebnis. Damit das High-End-Produkt einen konstanten Druck auf die Muskeln in jeder Bewegungslage aus\u00fcben kann ist die <strong>richtige Gr\u00f6ssenauswahl entscheidend<\/strong>!<\/p>\n[\/spb_text_block] [spb_single_image image=&#8220;16064&#8243; image_size=&#8220;full&#8220; frame=&#8220;noframe&#8220; lightbox=&#8220;yes&#8220; link_target=&#8220;_self&#8220; fullwidth=&#8220;no&#8220; width=&#8220;1\/2&#8243; el_position=&#8220;last&#8220;][\/spb_single_image]\n","protected":false},"excerpt":{"rendered":"<p>[spb_parallax parallax_type=&#8220;image&#8220; bg_image=&#8220;12041&#8243; bg_type=&#8220;cover&#8220; parallax_video_height=&#8220;content-height&#8220; parallax_video_overlay=&#8220;none&#8220; parallax_image_height=&#8220;content-height&#8220; parallax_image_movement=&#8220;fixed&#8220; parallax_image_speed=&#8220;0.5&#8243; padding_horizontal=&#8220;15&#8243; width=&#8220;1\/1&#8243; el_position=&#8220;first last&#8220;] &#8222;Ideal f\u00fcr Reisen oder l\u00e4ngere Standzeiten, verhindert Schwellungen an Beinen und F\u00fcssen&#8220; [\/spb_parallax] [blank_spacer height=&#8220;30px&#8220; width=&#8220;1\/1&#8243; el_position=&#8220;first last&#8220;] [blank_spacer height=&#8220;30px&#8220; width=&#8220;1\/1&#8243; el_position=&#8220;first last&#8220;] [spb_text_block title=&#8220;Gr\u00f6ssenwahl&#8220; pb_margin_bottom=&#8220;no&#8220; pb_border_bottom=&#8220;no&#8220; width=&#8220;1\/2&#8243; el_position=&#8220;first&#8220;] ZeroPoint Compression verwendet f\u00fcr alle Econyl Socks ausschliesslich die f\u00fcr medizinische Zwecke entwickelte Graduated Compression, was soviel bedeutet [&hellip;]<\/p>\n","protected":false},"featured_media":16045,"comment_status":"open","ping_status":"closed","template":"","meta":[],"product_cat":[753,569],"product_tag":[751,558,562,561,752,559],"class_list":{"0":"post-16052","1":"product","2":"type-product","3":"status-publish","4":"has-post-thumbnail","6":"product_cat-econyl-socks","7":"product_cat-socks","8":"product_tag-econyl-socks","9":"product_tag-kompression","10":"product_tag-performance","11":"product_tag-regeneration","12":"product_tag-socks","13":"product_tag-sport","14":"product_shipping_class-standard-shipping","16":"first","17":"instock","18":"taxable","19":"shipping-taxable","20":"purchasable","21":"product-type-variable"},"_links":{"self":[{"href":"https:\/\/www.compression.ch\/index.php?rest_route=\/wp\/v2\/product\/16052"}],"collection":[{"href":"https:\/\/www.compression.ch\/index.php?rest_route=\/wp\/v2\/product"}],"about":[{"href":"https:\/\/www.compression.ch\/index.php?rest_route=\/wp\/v2\/types\/product"}],"replies":[{"embeddable":true,"href":"https:\/\/www.compression.ch\/index.php?rest_route=%2Fwp%2Fv2%2Fcomments&post=16052"}],"wp:featuredmedia":[{"embeddable":true,"href":"https:\/\/www.compression.ch\/index.php?rest_route=\/wp\/v2\/media\/16045"}],"wp:attachment":[{"href":"https:\/\/www.compression.ch\/index.php?rest_route=%2Fwp%2Fv2%2Fmedia&parent=16052"}],"wp:term":[{"taxonomy":"product_cat","embeddable":true,"href":"https:\/\/www.compression.ch\/index.php?rest_route=%2Fwp%2Fv2%2Fproduct_cat&post=16052"},{"taxonomy":"product_tag","embeddable":true,"href":"https:\/\/www.compression.ch\/index.php?rest_route=%2Fwp%2Fv2%2Fproduct_tag&post=16052"}],"curies":[{"name":"wp","href":"https:\/\/api.w.org\/{rel}","templated":true}]}}