{"id":16712,"date":"2021-04-12T08:01:05","date_gmt":"2021-04-12T08:01:05","guid":{"rendered":"https:\/\/www.compression.ch\/?post_type=product&#038;p=16712"},"modified":"2025-02-19T09:01:48","modified_gmt":"2025-02-19T09:01:48","slug":"hybrid-socks-schwarz-20-2","status":"publish","type":"product","link":"https:\/\/www.compression.ch\/?product=hybrid-socks-schwarz-20-2","title":{"rendered":"Hybrid Socks Schwarz 20"},"content":{"rendered":"[spb_parallax parallax_type=&#8220;image&#8220; bg_image=&#8220;12041&#8243; bg_type=&#8220;cover&#8220; parallax_video_height=&#8220;content-height&#8220; parallax_video_overlay=&#8220;none&#8220; parallax_image_height=&#8220;content-height&#8220; parallax_image_movement=&#8220;fixed&#8220; parallax_image_speed=&#8220;0.5&#8243; padding_horizontal=&#8220;15&#8243; width=&#8220;1\/1&#8243; el_position=&#8220;first last&#8220;]\n<h1><span style=\"color: #ffffff;\">&#8222;Perfekt f\u00fcr die Regeneration, bei einer aktiven Lebensweise und f\u00fcr auf Reisen!&#8220;<\/span><\/h1>\n[\/spb_parallax] [blank_spacer height=&#8220;30px&#8220; width=&#8220;1\/1&#8243; el_position=&#8220;first last&#8220;] [blank_spacer height=&#8220;30px&#8220; width=&#8220;1\/1&#8243; el_position=&#8220;first last&#8220;] [spb_text_block title=&#8220;Gr\u00f6ssenwahl&#8220; pb_margin_bottom=&#8220;no&#8220; pb_border_bottom=&#8220;no&#8220; width=&#8220;1\/2&#8243; el_position=&#8220;first&#8220;]\n<p>ZeroPoint Compression verwendet f\u00fcr alle Hybrid Socken ausschliesslich die f\u00fcr medizinische Zwecke entwickelte Graduated Compression, was soviel bedeutet wie \u201eabgestufte Kompression\u201c. Der st\u00e4rkste Grad an Graduated Compression erzeugt einen Druck vom Kn\u00f6chel aufw\u00e4rts.<\/p>\n<p>Alle ZeroPoint Compression Hybrid Socken besitzen eine anatomisch entwickelte geschlechterspezifische Passform. Diese garantiert h\u00f6chsten Tragekomfort und optimales Kompressionserlebnis. Damit das High-End-Produkt einen konstanten Druck auf die Muskeln in jeder Bewegungslage aus\u00fcben kann ist die <strong>richtige Gr\u00f6ssenauswahl entscheidend<\/strong>!<\/p>\n<p><strong>Die entwickelten Damensocken werden in den Gr\u00f6ssen W1-W3 angegeben. Die Herrengr\u00f6ssen werden mit M1-M3 angegeben.<\/strong><\/p>\n[\/spb_text_block] [spb_single_image image=&#8220;16131&#8243; image_size=&#8220;full&#8220; frame=&#8220;noframe&#8220; lightbox=&#8220;yes&#8220; link_target=&#8220;_self&#8220; fullwidth=&#8220;no&#8220; width=&#8220;1\/2&#8243; el_position=&#8220;last&#8220;][\/spb_single_image]\n","protected":false},"excerpt":{"rendered":"<p>[spb_parallax parallax_type=&#8220;image&#8220; bg_image=&#8220;12041&#8243; bg_type=&#8220;cover&#8220; parallax_video_height=&#8220;content-height&#8220; parallax_video_overlay=&#8220;none&#8220; parallax_image_height=&#8220;content-height&#8220; parallax_image_movement=&#8220;fixed&#8220; parallax_image_speed=&#8220;0.5&#8243; padding_horizontal=&#8220;15&#8243; width=&#8220;1\/1&#8243; el_position=&#8220;first last&#8220;] &#8222;Perfekt f\u00fcr die Regeneration, bei einer aktiven Lebensweise und f\u00fcr auf Reisen!&#8220; [\/spb_parallax] [blank_spacer height=&#8220;30px&#8220; width=&#8220;1\/1&#8243; el_position=&#8220;first last&#8220;] [blank_spacer height=&#8220;30px&#8220; width=&#8220;1\/1&#8243; el_position=&#8220;first last&#8220;] [spb_text_block title=&#8220;Gr\u00f6ssenwahl&#8220; pb_margin_bottom=&#8220;no&#8220; pb_border_bottom=&#8220;no&#8220; width=&#8220;1\/2&#8243; el_position=&#8220;first&#8220;] ZeroPoint Compression verwendet f\u00fcr alle Hybrid Socken ausschliesslich die f\u00fcr medizinische Zwecke entwickelte Graduated Compression, was soviel bedeutet [&hellip;]<\/p>\n","protected":false},"featured_media":16583,"comment_status":"open","ping_status":"closed","template":"","meta":[],"product_cat":[574,569,636],"product_tag":[560,616,558,562,561,559],"class_list":{"0":"post-16712","1":"product","2":"type-product","3":"status-publish","4":"has-post-thumbnail","6":"product_cat-hybrid-socks","7":"product_cat-socks","8":"product_cat-trendsetter","9":"product_tag-freizeit","10":"product_tag-hybrid-socks","11":"product_tag-kompression","12":"product_tag-performance","13":"product_tag-regeneration","14":"product_tag-sport","15":"product_shipping_class-standard-shipping","17":"first","18":"instock","19":"taxable","20":"shipping-taxable","21":"purchasable","22":"product-type-variable"},"_links":{"self":[{"href":"https:\/\/www.compression.ch\/index.php?rest_route=\/wp\/v2\/product\/16712"}],"collection":[{"href":"https:\/\/www.compression.ch\/index.php?rest_route=\/wp\/v2\/product"}],"about":[{"href":"https:\/\/www.compression.ch\/index.php?rest_route=\/wp\/v2\/types\/product"}],"replies":[{"embeddable":true,"href":"https:\/\/www.compression.ch\/index.php?rest_route=%2Fwp%2Fv2%2Fcomments&post=16712"}],"wp:featuredmedia":[{"embeddable":true,"href":"https:\/\/www.compression.ch\/index.php?rest_route=\/wp\/v2\/media\/16583"}],"wp:attachment":[{"href":"https:\/\/www.compression.ch\/index.php?rest_route=%2Fwp%2Fv2%2Fmedia&parent=16712"}],"wp:term":[{"taxonomy":"product_cat","embeddable":true,"href":"https:\/\/www.compression.ch\/index.php?rest_route=%2Fwp%2Fv2%2Fproduct_cat&post=16712"},{"taxonomy":"product_tag","embeddable":true,"href":"https:\/\/www.compression.ch\/index.php?rest_route=%2Fwp%2Fv2%2Fproduct_tag&post=16712"}],"curies":[{"name":"wp","href":"https:\/\/api.w.org\/{rel}","templated":true}]}}